{"id":939,"date":"2024-07-10T10:17:06","date_gmt":"2024-07-10T15:17:06","guid":{"rendered":"https:\/\/cadetsair.technolution.ca\/contact\/"},"modified":"2025-08-13T09:15:44","modified_gmt":"2025-08-13T14:15:44","slug":"contact","status":"publish","type":"page","link":"https:\/\/cadetsair.ca\/en\/contact\/","title":{"rendered":"Contact"},"content":{"rendered":"\n<div class=\"wp-block-uagb-advanced-heading uagb-block-4ada1483\"><h2 class=\"uagb-heading-text\">How to contact the Quebec and Ottawa Valley Provincial Committee<\/h2><\/div>\n\n<p class=\"has-medium-font-size\">Official adress:<br\/>205, boulevard du S\u00e9minaire Sud<br\/>St-Jean-sur-Richelieu (Qu\u00e9bec)<br\/>J3B 8E9<\/p>\n\n<p class=\"has-medium-font-size\">Postal address:<br\/>CP 6100, Station St-Luc<br\/>St-Jean-sur-Richelieu (Qu\u00e9bec)<br\/>J2W 2A1<\/p>\n\n<p><\/p>\n\n<div class=\"wp-block-uagb-advanced-heading uagb-block-4ab289d2\"><h2 class=\"uagb-heading-text\">Provincial office staff<\/h2><\/div>\n\n<div class=\"wp-block-group\"><div class=\"wp-block-group__inner-container is-layout-constrained wp-block-group-is-layout-constrained\">\n<p class=\"has-medium-font-size\">Phone number:<br\/>438 858-4883<\/p>\n\n\n\n<ul class=\"wp-block-list\">\n<li class=\"has-medium-font-size\">Ext 101 : Administrative Services<\/li>\n\n\n\n<li class=\"has-medium-font-size\">Ext 102 : Communication<\/li>\n\n\n\n<li class=\"has-medium-font-size\">Ext 103 : Screening<\/li>\n\n\n\n<li class=\"has-medium-font-size\">Ext 105 : Executive director <\/li>\n<\/ul>\n<\/div><\/div>\n\n<div class=\"wp-block-group\"><div class=\"wp-block-group__inner-container is-layout-constrained wp-block-group-is-layout-constrained\">\n<p class=\"has-medium-font-size\">E-mail addresses:<\/p>\n\n\n\n<ul class=\"wp-block-list has-medium-font-size\">\n<li>permanence@cadetsair.ca<\/li>\n\n\n\n<li>communications@cadetsair.ca<\/li>\n\n\n\n<li>filtrage@cadetsair.ca<\/li>\n\n\n\n<li>dg@cadetsair.ca<\/li>\n<\/ul>\n<\/div><\/div>\n\n<p><\/p>\n\n<p><\/p>\n","protected":false},"excerpt":{"rendered":"<p>How to contact the Quebec and Ottawa Valley Provincial Committee Official adress:205, boulevard du S\u00e9minaire SudSt-Jean-sur-Richelieu (Qu\u00e9bec)J3B 8E9 Postal address:CP 6100, Station St-LucSt-Jean-sur-Richelieu (Qu\u00e9bec)J2W 2A1 Provincial office staff Phone number:438 858-4883 E-mail addresses:<\/p>\n","protected":false},"author":4,"featured_media":0,"parent":0,"menu_order":0,"comment_status":"closed","ping_status":"closed","template":"","meta":{"_acf_changed":false,"_uag_custom_page_level_css":"","footnotes":""},"class_list":["post-939","page","type-page","status-publish","hentry"],"acf":[],"uagb_featured_image_src":{"full":false,"thumbnail":false,"medium":false,"medium_large":false,"large":false,"1536x1536":false,"2048x2048":false},"uagb_author_info":{"display_name":"Veronique","author_link":"https:\/\/cadetsair.ca\/en\/author\/veronique\/"},"uagb_comment_info":0,"uagb_excerpt":"How to contact the Quebec and Ottawa Valley Provincial Committee Official adress:205, boulevard du S\u00e9minaire SudSt-Jean-sur-Richelieu (Qu\u00e9bec)J3B 8E9 Postal address:CP 6100, Station St-LucSt-Jean-sur-Richelieu (Qu\u00e9bec)J2W 2A1 Provincial office staff Phone number:438 858-4883 E-mail addresses:","_links":{"self":[{"href":"https:\/\/cadetsair.ca\/en\/wp-json\/wp\/v2\/pages\/939","targetHints":{"allow":["GET"]}}],"collection":[{"href":"https:\/\/cadetsair.ca\/en\/wp-json\/wp\/v2\/pages"}],"about":[{"href":"https:\/\/cadetsair.ca\/en\/wp-json\/wp\/v2\/types\/page"}],"author":[{"embeddable":true,"href":"https:\/\/cadetsair.ca\/en\/wp-json\/wp\/v2\/users\/4"}],"replies":[{"embeddable":true,"href":"https:\/\/cadetsair.ca\/en\/wp-json\/wp\/v2\/comments?post=939"}],"version-history":[{"count":9,"href":"https:\/\/cadetsair.ca\/en\/wp-json\/wp\/v2\/pages\/939\/revisions"}],"predecessor-version":[{"id":1575,"href":"https:\/\/cadetsair.ca\/en\/wp-json\/wp\/v2\/pages\/939\/revisions\/1575"}],"wp:attachment":[{"href":"https:\/\/cadetsair.ca\/en\/wp-json\/wp\/v2\/media?parent=939"}],"curies":[{"name":"wp","href":"https:\/\/api.w.org\/{rel}","templated":true}]}}